{"id":998,"date":"2024-07-19T09:39:46","date_gmt":"2024-07-19T09:39:46","guid":{"rendered":"https:\/\/toptripguru.ee\/hotel\/\/"},"modified":"2024-07-20T14:45:50","modified_gmt":"2024-07-20T14:45:50","slug":"akdora-resort-spa","status":"publish","type":"product","link":"https:\/\/toptripguru.ee\/ru\/hotel\/akdora-resort-spa\/","title":{"rendered":"Akdora Resort & Spa"},"content":{"rendered":"<p>Akdora Resort Hotel &amp; Spa asub Sides ning kohapeal on v\u00e4libassein, aed, terrass ja restoran. Selles neljat\u00e4rnihotellis on tasuta WiFi-\u00fchendus ja baar. Majutusasutuses pakutakse \u00f5htust meelelahutust ja vastuv\u00f5tt on avatud \u00f6\u00f6p\u00e4ev l\u00e4bi.<\/p>\n<p>Tubades on konditsioneer, kirjutuslaud, televiisor, privaatne vannituba, voodipesu ja r\u00e4tikud. Tubadel on ka linnavaatega r\u00f5du. Akdora Resort Hotel &amp; Spa m\u00f5nest toast avaneb vaade basseinile. Tubades on veekeetja ja riidekapp.<\/p>\n<p>Majutusasutusel on laste m\u00e4nguv\u00e4ljak. \u00a0Kumkoy rand on majutusasutusest 1,2 km kaugusel ning Roheline kanjon on 23 km kaugusel. L\u00e4him lennujaam on Antalya lennujaam, mis j\u00e4\u00e4b 68 km kaugusele.<\/p>\n","protected":false},"excerpt":{"rendered":"<p>Akdora Resort Hotel &amp; Spa asub Sides ning kohapeal on v\u00e4libassein, aed, terrass ja restoran. Selles neljat\u00e4rnihotellis on tasuta WiFi-\u00fchendus<\/p>\n","protected":false},"featured_media":999,"template":"","meta":{"_acf_changed":false},"hotel-type":[146],"region":[179],"destination":[123],"hotel-stars":[131],"product_brand":[],"product_cat":[17],"product_tag":[],"class_list":{"0":"post-998","1":"product","2":"type-product","3":"status-publish","4":"has-post-thumbnail","6":"hotel-type-city-hotel","7":"region-side","8":"destination-turkey","9":"hotel-stars-4-star","10":"product_cat-hotels","12":"first","13":"instock","14":"virtual","15":"product-type-simple"},"acf":[],"_links":{"self":[{"href":"https:\/\/toptripguru.ee\/ru\/wp-json\/wp\/v2\/product\/998"}],"collection":[{"href":"https:\/\/toptripguru.ee\/ru\/wp-json\/wp\/v2\/product"}],"about":[{"href":"https:\/\/toptripguru.ee\/ru\/wp-json\/wp\/v2\/types\/product"}],"wp:featuredmedia":[{"embeddable":true,"href":"https:\/\/toptripguru.ee\/ru\/wp-json\/wp\/v2\/media\/999"}],"wp:attachment":[{"href":"https:\/\/toptripguru.ee\/ru\/wp-json\/wp\/v2\/media?parent=998"}],"wp:term":[{"taxonomy":"hotel-type","embeddable":true,"href":"https:\/\/toptripguru.ee\/ru\/wp-json\/wp\/v2\/hotel-type?post=998"},{"taxonomy":"region","embeddable":true,"href":"https:\/\/toptripguru.ee\/ru\/wp-json\/wp\/v2\/region?post=998"},{"taxonomy":"destination","embeddable":true,"href":"https:\/\/toptripguru.ee\/ru\/wp-json\/wp\/v2\/destination?post=998"},{"taxonomy":"hotel-stars","embeddable":true,"href":"https:\/\/toptripguru.ee\/ru\/wp-json\/wp\/v2\/hotel-stars?post=998"},{"taxonomy":"product_brand","embeddable":true,"href":"https:\/\/toptripguru.ee\/ru\/wp-json\/wp\/v2\/product_brand?post=998"},{"taxonomy":"product_cat","embeddable":true,"href":"https:\/\/toptripguru.ee\/ru\/wp-json\/wp\/v2\/product_cat?post=998"},{"taxonomy":"product_tag","embeddable":true,"href":"https:\/\/toptripguru.ee\/ru\/wp-json\/wp\/v2\/product_tag?post=998"}],"curies":[{"name":"wp","href":"https:\/\/api.w.org\/{rel}","templated":true}]}}