{"id":993,"date":"2024-07-19T09:36:08","date_gmt":"2024-07-19T09:36:08","guid":{"rendered":"https:\/\/toptripguru.ee\/hotel\/\/"},"modified":"2024-07-20T14:46:18","modified_gmt":"2024-07-20T14:46:18","slug":"astoria-hotel","status":"publish","type":"product","link":"https:\/\/toptripguru.ee\/ru\/hotel\/astoria-hotel\/","title":{"rendered":"Astoria Hotel"},"content":{"rendered":"<p>Rannavaatega hotell pakub 4 t\u00e4rni majutust Antalyas. Kohapeal on hooajaline v\u00e4libassein, spordikeskus ja aed. Kohapeal on restoran, \u00fchine puhkeruum, saun ja T\u00fcrgi aurusaun. Majutusasutuses on \u00f6\u00f6p\u00e4ev l\u00e4bi avatud vastuv\u00f5tt, toateenindus ja tasuta WiFi-\u00fchendus.<\/p>\n<p>K\u00f5ikides tubades on konditsioneer, kirjutuslaud, privaatne vannituba, lameekraaniga televiisor. Tubadel on ka linnavaatega r\u00f5du. K\u00f5ikides tubades on riidekapp ja veekeetja.<\/p>\n<p>Hotelli l\u00e4hedal asuvad sellised populaarsed huviv\u00e4\u00e4rsused nagu Kemeri rand, Merkez Bati avalik rand ja Ayisigi rand. L\u00e4him lennujaam on Antalya lennujaam, mis j\u00e4\u00e4b 55 km kaugusele.<\/p>\n","protected":false},"excerpt":{"rendered":"<p>Rannavaatega hotell pakub 4 t\u00e4rni majutust Antalyas. Kohapeal on hooajaline v\u00e4libassein, spordikeskus ja aed. Kohapeal on restoran, \u00fchine puhkeruum, saun<\/p>\n","protected":false},"featured_media":994,"template":"","meta":{"_acf_changed":false},"hotel-type":[145],"region":[175],"destination":[123],"hotel-stars":[131],"product_brand":[],"product_cat":[17],"product_tag":[],"class_list":{"0":"post-993","1":"product","2":"type-product","3":"status-publish","4":"has-post-thumbnail","6":"hotel-type-seaside-hotel","7":"region-anttalya","8":"destination-turkey","9":"hotel-stars-4-star","10":"product_cat-hotels","12":"first","13":"instock","14":"virtual","15":"product-type-simple"},"acf":[],"_links":{"self":[{"href":"https:\/\/toptripguru.ee\/ru\/wp-json\/wp\/v2\/product\/993"}],"collection":[{"href":"https:\/\/toptripguru.ee\/ru\/wp-json\/wp\/v2\/product"}],"about":[{"href":"https:\/\/toptripguru.ee\/ru\/wp-json\/wp\/v2\/types\/product"}],"wp:featuredmedia":[{"embeddable":true,"href":"https:\/\/toptripguru.ee\/ru\/wp-json\/wp\/v2\/media\/994"}],"wp:attachment":[{"href":"https:\/\/toptripguru.ee\/ru\/wp-json\/wp\/v2\/media?parent=993"}],"wp:term":[{"taxonomy":"hotel-type","embeddable":true,"href":"https:\/\/toptripguru.ee\/ru\/wp-json\/wp\/v2\/hotel-type?post=993"},{"taxonomy":"region","embeddable":true,"href":"https:\/\/toptripguru.ee\/ru\/wp-json\/wp\/v2\/region?post=993"},{"taxonomy":"destination","embeddable":true,"href":"https:\/\/toptripguru.ee\/ru\/wp-json\/wp\/v2\/destination?post=993"},{"taxonomy":"hotel-stars","embeddable":true,"href":"https:\/\/toptripguru.ee\/ru\/wp-json\/wp\/v2\/hotel-stars?post=993"},{"taxonomy":"product_brand","embeddable":true,"href":"https:\/\/toptripguru.ee\/ru\/wp-json\/wp\/v2\/product_brand?post=993"},{"taxonomy":"product_cat","embeddable":true,"href":"https:\/\/toptripguru.ee\/ru\/wp-json\/wp\/v2\/product_cat?post=993"},{"taxonomy":"product_tag","embeddable":true,"href":"https:\/\/toptripguru.ee\/ru\/wp-json\/wp\/v2\/product_tag?post=993"}],"curies":[{"name":"wp","href":"https:\/\/api.w.org\/{rel}","templated":true}]}}