{"id":595,"date":"2024-07-16T09:04:51","date_gmt":"2024-07-16T09:04:51","guid":{"rendered":"https:\/\/toptripguru.ee\/hotel\/\/"},"modified":"2024-07-20T14:46:38","modified_gmt":"2024-07-20T14:46:38","slug":"mehari-hammamet-hotel","status":"publish","type":"product","link":"https:\/\/toptripguru.ee\/ru\/hotel\/mehari-hammamet-hotel\/","title":{"rendered":"Mehari Hammamet Hotel"},"content":{"rendered":"<p>Hotell Mehari asub Yasmine Hammameti turismikuurordis, kesklinnast l\u00f5unas. Hotell pakub mere\u00e4\u00e4rset majutust koos 2 basseini ja tennisev\u00e4ljakuga. Avarates tubades ja sviitides on konditsioneer, minibaar ja r\u00f5du, kust avaneb vaade merele, aiale v\u00f5i golfiv\u00e4ljakule.<\/p>\n<p>Mehari Hammametis on 4 restorani, sealhulgas The Corail, mis pakub Rootsi laua stiilis roogasid, ja Le Baron des Chefs, mis serveerib Itaalia k\u00f6\u00f6ki. Kohapeal on ka j\u00e4\u00e4tisekohvik ja rannabaar.<\/p>\n<p>K\u00fclalised saavad tasuta kasutada j\u00f5usaali ning sise- ja v\u00e4libasseine. Spaa- ja tervisekeskuses on T\u00fcrgi aurusaun ja aurusaun.<\/p>\n","protected":false},"excerpt":{"rendered":"<p>Hotell Mehari asub Yasmine Hammameti turismikuurordis, kesklinnast l\u00f5unas. Hotell pakub mere\u00e4\u00e4rset majutust koos 2 basseini ja tennisev\u00e4ljakuga. Avarates tubades ja<\/p>\n","protected":false},"featured_media":596,"template":"","meta":{"_acf_changed":false},"hotel-type":[145],"region":[173],"destination":[116],"hotel-stars":[132],"product_brand":[],"product_cat":[17],"product_tag":[],"class_list":{"0":"post-595","1":"product","2":"type-product","3":"status-publish","4":"has-post-thumbnail","6":"hotel-type-seaside-hotel","7":"region-sousse","8":"destination-tunisia","9":"hotel-stars-5-star","10":"product_cat-hotels","12":"first","13":"instock","14":"virtual","15":"product-type-simple"},"acf":[],"_links":{"self":[{"href":"https:\/\/toptripguru.ee\/ru\/wp-json\/wp\/v2\/product\/595"}],"collection":[{"href":"https:\/\/toptripguru.ee\/ru\/wp-json\/wp\/v2\/product"}],"about":[{"href":"https:\/\/toptripguru.ee\/ru\/wp-json\/wp\/v2\/types\/product"}],"wp:featuredmedia":[{"embeddable":true,"href":"https:\/\/toptripguru.ee\/ru\/wp-json\/wp\/v2\/media\/596"}],"wp:attachment":[{"href":"https:\/\/toptripguru.ee\/ru\/wp-json\/wp\/v2\/media?parent=595"}],"wp:term":[{"taxonomy":"hotel-type","embeddable":true,"href":"https:\/\/toptripguru.ee\/ru\/wp-json\/wp\/v2\/hotel-type?post=595"},{"taxonomy":"region","embeddable":true,"href":"https:\/\/toptripguru.ee\/ru\/wp-json\/wp\/v2\/region?post=595"},{"taxonomy":"destination","embeddable":true,"href":"https:\/\/toptripguru.ee\/ru\/wp-json\/wp\/v2\/destination?post=595"},{"taxonomy":"hotel-stars","embeddable":true,"href":"https:\/\/toptripguru.ee\/ru\/wp-json\/wp\/v2\/hotel-stars?post=595"},{"taxonomy":"product_brand","embeddable":true,"href":"https:\/\/toptripguru.ee\/ru\/wp-json\/wp\/v2\/product_brand?post=595"},{"taxonomy":"product_cat","embeddable":true,"href":"https:\/\/toptripguru.ee\/ru\/wp-json\/wp\/v2\/product_cat?post=595"},{"taxonomy":"product_tag","embeddable":true,"href":"https:\/\/toptripguru.ee\/ru\/wp-json\/wp\/v2\/product_tag?post=595"}],"curies":[{"name":"wp","href":"https:\/\/api.w.org\/{rel}","templated":true}]}}