{"id":1019,"date":"2024-07-19T09:59:19","date_gmt":"2024-07-19T09:59:19","guid":{"rendered":"https:\/\/toptripguru.ee\/hotel\/\/"},"modified":"2024-07-20T14:30:53","modified_gmt":"2024-07-20T14:30:53","slug":"movenpick-resort-marine-spa","status":"publish","type":"product","link":"https:\/\/toptripguru.ee\/ru\/hotel\/movenpick-resort-marine-spa\/","title":{"rendered":"M\u00f6venpick Resort & Marine Spa"},"content":{"rendered":"<p>See kuurort asub Sousse&#8217;i kesklinnas ja pakub v\u00f5imalust nautida eraranda. Kohapeal on v\u00e4libassein ning tervise- ja spordikeskus. K\u00f5igis majutusasutuse tubades on konditsioneer, satelliittelevisioon, lameekraaniga televiisor ja privaatne vannituba. M\u00f5nes toas on ka hommikumantlid ning tee ja kohvi valmistamise v\u00f5imalus. K\u00f5ikidest tubadest avaneb panoraamvaade merele, aiale v\u00f5i basseinile.<\/p>\n<p>Hotelli \u00f6\u00f6p\u00e4ev l\u00e4bi avatud vastuv\u00f5tt pakub concierge-teenust. Kohapeal on ka pood ja vaba aega saab sisustada mitmesuguste tegevustega, nagu veesport, v\u00f5rkpall ja lauatennis. Samuti on olemas tasuta WiFi-\u00fchendus.<\/p>\n","protected":false},"excerpt":{"rendered":"<p>See kuurort asub Sousse&#8217;i kesklinnas ja pakub v\u00f5imalust nautida eraranda. Kohapeal on v\u00e4libassein ning tervise- ja spordikeskus. K\u00f5igis majutusasutuse tubades<\/p>\n","protected":false},"featured_media":1020,"template":"","meta":{"_acf_changed":false},"hotel-type":[145],"region":[173],"destination":[116],"hotel-stars":[132],"product_brand":[],"product_cat":[17],"product_tag":[],"class_list":{"0":"post-1019","1":"product","2":"type-product","3":"status-publish","4":"has-post-thumbnail","6":"hotel-type-seaside-hotel","7":"region-sousse","8":"destination-tunisia","9":"hotel-stars-5-star","10":"product_cat-hotels","12":"first","13":"instock","14":"virtual","15":"product-type-simple"},"acf":[],"_links":{"self":[{"href":"https:\/\/toptripguru.ee\/ru\/wp-json\/wp\/v2\/product\/1019"}],"collection":[{"href":"https:\/\/toptripguru.ee\/ru\/wp-json\/wp\/v2\/product"}],"about":[{"href":"https:\/\/toptripguru.ee\/ru\/wp-json\/wp\/v2\/types\/product"}],"wp:featuredmedia":[{"embeddable":true,"href":"https:\/\/toptripguru.ee\/ru\/wp-json\/wp\/v2\/media\/1020"}],"wp:attachment":[{"href":"https:\/\/toptripguru.ee\/ru\/wp-json\/wp\/v2\/media?parent=1019"}],"wp:term":[{"taxonomy":"hotel-type","embeddable":true,"href":"https:\/\/toptripguru.ee\/ru\/wp-json\/wp\/v2\/hotel-type?post=1019"},{"taxonomy":"region","embeddable":true,"href":"https:\/\/toptripguru.ee\/ru\/wp-json\/wp\/v2\/region?post=1019"},{"taxonomy":"destination","embeddable":true,"href":"https:\/\/toptripguru.ee\/ru\/wp-json\/wp\/v2\/destination?post=1019"},{"taxonomy":"hotel-stars","embeddable":true,"href":"https:\/\/toptripguru.ee\/ru\/wp-json\/wp\/v2\/hotel-stars?post=1019"},{"taxonomy":"product_brand","embeddable":true,"href":"https:\/\/toptripguru.ee\/ru\/wp-json\/wp\/v2\/product_brand?post=1019"},{"taxonomy":"product_cat","embeddable":true,"href":"https:\/\/toptripguru.ee\/ru\/wp-json\/wp\/v2\/product_cat?post=1019"},{"taxonomy":"product_tag","embeddable":true,"href":"https:\/\/toptripguru.ee\/ru\/wp-json\/wp\/v2\/product_tag?post=1019"}],"curies":[{"name":"wp","href":"https:\/\/api.w.org\/{rel}","templated":true}]}}