{"id":1012,"date":"2024-07-19T09:50:03","date_gmt":"2024-07-19T09:50:03","guid":{"rendered":"https:\/\/toptripguru.ee\/hotel\/\/"},"modified":"2024-07-20T14:44:42","modified_gmt":"2024-07-20T14:44:42","slug":"euphoria-comfort-beach-alanya","status":"publish","type":"product","link":"https:\/\/toptripguru.ee\/ru\/hotel\/euphoria-comfort-beach-alanya\/","title":{"rendered":"Euphoria Comfort Beach Alanya"},"content":{"rendered":"<p>Hotell asub Vahemere rannikul. Jalutusk\u00e4igu kaugusel on v\u00e4ikesed poed, kust saab osta suveniire ja meelelahutustarbeid.<\/p>\n<p>Kohapeal on erarand, veelium\u00e4gedega v\u00e4libasseinid ning spaa, kus on saun, j\u00f5usaal ja T\u00fcrgi aurusaun. Pearestoranis serveeritakse hommiku-, l\u00f5una- ja \u00f5htus\u00f6\u00f6giks T\u00fcrgi ja rahvusvahelist k\u00f6\u00f6ki Rootsi lauas. Suupisterestoran pakub v\u00e4rskendavaid jooke ja traditsioonilisi T\u00fcrgi roogasid, sealhulgas T\u00fcrgi pitsat. Noorematele k\u00fclalistele on hotellis lasteklubi ja bassein koos lium\u00e4gedega. Terve p\u00e4eva on animatsiooniprogramme nii lastele kui t\u00e4iskasvanutele. Ideaalne noorte- ja perepuhkuseks.<\/p>\n<p>Antalya lennujaam j\u00e4\u00e4b 135 km kaugusele.<\/p>\n","protected":false},"excerpt":{"rendered":"<p>Hotell asub Vahemere rannikul. Jalutusk\u00e4igu kaugusel on v\u00e4ikesed poed, kust saab osta suveniire ja meelelahutustarbeid. Kohapeal on erarand, veelium\u00e4gedega v\u00e4libasseinid<\/p>\n","protected":false},"featured_media":1013,"template":"","meta":{"_acf_changed":false},"hotel-type":[145],"region":[174],"destination":[123],"hotel-stars":[132],"product_brand":[],"product_cat":[17],"product_tag":[],"class_list":{"0":"post-1012","1":"product","2":"type-product","3":"status-publish","4":"has-post-thumbnail","6":"hotel-type-seaside-hotel","7":"region-alanya","8":"destination-turkey","9":"hotel-stars-5-star","10":"product_cat-hotels","12":"first","13":"instock","14":"virtual","15":"product-type-simple"},"acf":[],"_links":{"self":[{"href":"https:\/\/toptripguru.ee\/ru\/wp-json\/wp\/v2\/product\/1012"}],"collection":[{"href":"https:\/\/toptripguru.ee\/ru\/wp-json\/wp\/v2\/product"}],"about":[{"href":"https:\/\/toptripguru.ee\/ru\/wp-json\/wp\/v2\/types\/product"}],"wp:featuredmedia":[{"embeddable":true,"href":"https:\/\/toptripguru.ee\/ru\/wp-json\/wp\/v2\/media\/1013"}],"wp:attachment":[{"href":"https:\/\/toptripguru.ee\/ru\/wp-json\/wp\/v2\/media?parent=1012"}],"wp:term":[{"taxonomy":"hotel-type","embeddable":true,"href":"https:\/\/toptripguru.ee\/ru\/wp-json\/wp\/v2\/hotel-type?post=1012"},{"taxonomy":"region","embeddable":true,"href":"https:\/\/toptripguru.ee\/ru\/wp-json\/wp\/v2\/region?post=1012"},{"taxonomy":"destination","embeddable":true,"href":"https:\/\/toptripguru.ee\/ru\/wp-json\/wp\/v2\/destination?post=1012"},{"taxonomy":"hotel-stars","embeddable":true,"href":"https:\/\/toptripguru.ee\/ru\/wp-json\/wp\/v2\/hotel-stars?post=1012"},{"taxonomy":"product_brand","embeddable":true,"href":"https:\/\/toptripguru.ee\/ru\/wp-json\/wp\/v2\/product_brand?post=1012"},{"taxonomy":"product_cat","embeddable":true,"href":"https:\/\/toptripguru.ee\/ru\/wp-json\/wp\/v2\/product_cat?post=1012"},{"taxonomy":"product_tag","embeddable":true,"href":"https:\/\/toptripguru.ee\/ru\/wp-json\/wp\/v2\/product_tag?post=1012"}],"curies":[{"name":"wp","href":"https:\/\/api.w.org\/{rel}","templated":true}]}}