{"id":1005,"date":"2024-07-19T09:44:50","date_gmt":"2024-07-19T09:44:50","guid":{"rendered":"https:\/\/toptripguru.ee\/hotel\/\/"},"modified":"2024-07-20T14:45:09","modified_gmt":"2024-07-20T14:45:09","slug":"the-marilis-hill-resort-hotel-spa","status":"publish","type":"product","link":"https:\/\/toptripguru.ee\/ru\/hotel\/the-marilis-hill-resort-hotel-spa\/","title":{"rendered":"The Marilis Hill Resort Hotel & Spa"},"content":{"rendered":"<p>The Marilis Hill Resort Hotel on 5* hotell, mis asub Okurcalari k\u00fclas, 30 km kaugusel Alanyast. Hotellis on 280 kaasaegselt ja mugavalt sisustatud numbrituba, kust avaneb panoraamvaade merele, basseinile v\u00f5i aiale.<\/p>\n<p>K\u00f5ikides tubades on konditsioneer, minibaar, lameekraaniga televiisor, privaatne vannituba, kus on vann v\u00f5i du\u0161\u0161. Kohapeal on mitu basseini, tervisekeskus, spaa, saun, tennisev\u00e4ljakud, lasteklubi ja erinevad restoranid. Hotelli rannas on ka p\u00e4ikesevarjud ja lamamistoolid, kus saate nautida suurep\u00e4raseid p\u00e4ikest ja merevaateid. Viimane renoveerimine 2021 aastal!<\/p>\n<p>Hotell asub Antalya lennujaamast 90km kaugusel ja rannast 400m kaugusel.<\/p>\n","protected":false},"excerpt":{"rendered":"<p>The Marilis Hill Resort Hotel on 5* hotell, mis asub Okurcalari k\u00fclas, 30 km kaugusel Alanyast. Hotellis on 280 kaasaegselt<\/p>\n","protected":false},"featured_media":1006,"template":"","meta":{"_acf_changed":false},"hotel-type":[145],"region":[174],"destination":[123],"hotel-stars":[132],"product_brand":[],"product_cat":[17],"product_tag":[],"class_list":{"0":"post-1005","1":"product","2":"type-product","3":"status-publish","4":"has-post-thumbnail","6":"hotel-type-seaside-hotel","7":"region-alanya","8":"destination-turkey","9":"hotel-stars-5-star","10":"product_cat-hotels","12":"first","13":"instock","14":"virtual","15":"product-type-simple"},"acf":[],"_links":{"self":[{"href":"https:\/\/toptripguru.ee\/ru\/wp-json\/wp\/v2\/product\/1005"}],"collection":[{"href":"https:\/\/toptripguru.ee\/ru\/wp-json\/wp\/v2\/product"}],"about":[{"href":"https:\/\/toptripguru.ee\/ru\/wp-json\/wp\/v2\/types\/product"}],"wp:featuredmedia":[{"embeddable":true,"href":"https:\/\/toptripguru.ee\/ru\/wp-json\/wp\/v2\/media\/1006"}],"wp:attachment":[{"href":"https:\/\/toptripguru.ee\/ru\/wp-json\/wp\/v2\/media?parent=1005"}],"wp:term":[{"taxonomy":"hotel-type","embeddable":true,"href":"https:\/\/toptripguru.ee\/ru\/wp-json\/wp\/v2\/hotel-type?post=1005"},{"taxonomy":"region","embeddable":true,"href":"https:\/\/toptripguru.ee\/ru\/wp-json\/wp\/v2\/region?post=1005"},{"taxonomy":"destination","embeddable":true,"href":"https:\/\/toptripguru.ee\/ru\/wp-json\/wp\/v2\/destination?post=1005"},{"taxonomy":"hotel-stars","embeddable":true,"href":"https:\/\/toptripguru.ee\/ru\/wp-json\/wp\/v2\/hotel-stars?post=1005"},{"taxonomy":"product_brand","embeddable":true,"href":"https:\/\/toptripguru.ee\/ru\/wp-json\/wp\/v2\/product_brand?post=1005"},{"taxonomy":"product_cat","embeddable":true,"href":"https:\/\/toptripguru.ee\/ru\/wp-json\/wp\/v2\/product_cat?post=1005"},{"taxonomy":"product_tag","embeddable":true,"href":"https:\/\/toptripguru.ee\/ru\/wp-json\/wp\/v2\/product_tag?post=1005"}],"curies":[{"name":"wp","href":"https:\/\/api.w.org\/{rel}","templated":true}]}}